{"id":321,"date":"2024-06-04T13:49:13","date_gmt":"2024-06-04T13:49:13","guid":{"rendered":"https:\/\/tallerchamberi.com\/?page_id=321"},"modified":"2024-06-04T13:58:51","modified_gmt":"2024-06-04T13:58:51","slug":"frenos","status":"publish","type":"page","link":"https:\/\/tallerchamberi.com\/?page_id=321","title":{"rendered":"Frenos"},"content":{"rendered":"\t\t<div data-elementor-type=\"wp-page\" data-elementor-id=\"321\" class=\"elementor elementor-321\" data-elementor-post-type=\"page\">\n\t\t\t\t<div class=\"elementor-element elementor-element-9a19d7d e-con-full e-flex e-con e-parent\" data-id=\"9a19d7d\" data-element_type=\"container\" data-e-type=\"container\" data-settings=\"{&quot;background_background&quot;:&quot;classic&quot;}\">\n\t\t\t\t<div class=\"elementor-element elementor-element-e5e2412 elementor-widget elementor-widget-heading\" data-id=\"e5e2412\" data-element_type=\"widget\" data-e-type=\"widget\" data-widget_type=\"heading.default\">\n\t\t\t\t<div class=\"elementor-widget-container\">\n\t\t\t\t\t<h2 class=\"elementor-heading-title elementor-size-default\">Servicios<\/h2>\t\t\t\t<\/div>\n\t\t\t\t<\/div>\n\t\t\t\t<\/div>\n\t\t<div class=\"elementor-element elementor-element-c14420c e-flex e-con-boxed e-con e-parent\" data-id=\"c14420c\" data-element_type=\"container\" data-e-type=\"container\">\n\t\t\t\t\t<div class=\"e-con-inner\">\n\t\t\t\t<div class=\"elementor-element elementor-element-70de26b elementor-widget elementor-widget-heading\" data-id=\"70de26b\" data-element_type=\"widget\" data-e-type=\"widget\" data-widget_type=\"heading.default\">\n\t\t\t\t<div class=\"elementor-widget-container\">\n\t\t\t\t\t<h2 class=\"elementor-heading-title elementor-size-default\">Frenos<\/h2>\t\t\t\t<\/div>\n\t\t\t\t<\/div>\n\t\t\t\t<div class=\"elementor-element elementor-element-312b962 elementor-widget elementor-widget-text-editor\" data-id=\"312b962\" data-element_type=\"widget\" data-e-type=\"widget\" data-widget_type=\"text-editor.default\">\n\t\t\t\t<div class=\"elementor-widget-container\">\n\t\t\t\t\t\t\t\t\t<p>Cambio De Frenos para su automovil<\/p>\t\t\t\t\t\t\t\t<\/div>\n\t\t\t\t<\/div>\n\t\t\t\t\t<\/div>\n\t\t\t\t<\/div>\n\t\t<div class=\"elementor-element elementor-element-6c25a63 e-con-full e-flex e-con e-parent\" data-id=\"6c25a63\" data-element_type=\"container\" data-e-type=\"container\">\n\t\t\t\t<div class=\"elementor-element elementor-element-4ce91d4 elementor-widget-divider--view-line elementor-widget elementor-widget-divider\" data-id=\"4ce91d4\" data-element_type=\"widget\" data-e-type=\"widget\" data-widget_type=\"divider.default\">\n\t\t\t\t<div class=\"elementor-widget-container\">\n\t\t\t\t\t\t\t<div class=\"elementor-divider\">\n\t\t\t<span class=\"elementor-divider-separator\">\n\t\t\t\t\t\t<\/span>\n\t\t<\/div>\n\t\t\t\t\t\t<\/div>\n\t\t\t\t<\/div>\n\t\t<div class=\"elementor-element elementor-element-7599b6c e-con-full e-flex e-con e-child\" data-id=\"7599b6c\" data-element_type=\"container\" data-e-type=\"container\" data-settings=\"{&quot;background_background&quot;:&quot;classic&quot;}\">\n\t\t\t\t<div class=\"elementor-element elementor-element-c750d9c elementor-view-default elementor-widget elementor-widget-icon\" data-id=\"c750d9c\" data-element_type=\"widget\" data-e-type=\"widget\" data-widget_type=\"icon.default\">\n\t\t\t\t<div class=\"elementor-widget-container\">\n\t\t\t\t\t\t\t<div class=\"elementor-icon-wrapper\">\n\t\t\t<div class=\"elementor-icon\">\n\t\t\t<svg aria-hidden=\"true\" class=\"e-font-icon-svg e-fas-compact-disc\" viewBox=\"0 0 496 512\" xmlns=\"http:\/\/www.w3.org\/2000\/svg\"><path d=\"M248 8C111 8 0 119 0 256s111 248 248 248 248-111 248-248S385 8 248 8zM88 256H56c0-105.9 86.1-192 192-192v32c-88.2 0-160 71.8-160 160zm160 96c-53 0-96-43-96-96s43-96 96-96 96 43 96 96-43 96-96 96zm0-128c-17.7 0-32 14.3-32 32s14.3 32 32 32 32-14.3 32-32-14.3-32-32-32z\"><\/path><\/svg>\t\t\t<\/div>\n\t\t<\/div>\n\t\t\t\t\t\t<\/div>\n\t\t\t\t<\/div>\n\t\t\t\t<\/div>\n\t\t\t\t<div class=\"elementor-element elementor-element-c5870e6 elementor-widget-divider--view-line elementor-widget elementor-widget-divider\" data-id=\"c5870e6\" data-element_type=\"widget\" data-e-type=\"widget\" data-widget_type=\"divider.default\">\n\t\t\t\t<div class=\"elementor-widget-container\">\n\t\t\t\t\t\t\t<div class=\"elementor-divider\">\n\t\t\t<span class=\"elementor-divider-separator\">\n\t\t\t\t\t\t<\/span>\n\t\t<\/div>\n\t\t\t\t\t\t<\/div>\n\t\t\t\t<\/div>\n\t\t\t\t<\/div>\n\t\t<div class=\"elementor-element elementor-element-c641c2f e-flex e-con-boxed e-con e-parent\" data-id=\"c641c2f\" data-element_type=\"container\" data-e-type=\"container\">\n\t\t\t\t\t<div class=\"e-con-inner\">\n\t\t\t\t<div class=\"elementor-element elementor-element-49f5d62 elementor-widget elementor-widget-heading\" data-id=\"49f5d62\" data-element_type=\"widget\" data-e-type=\"widget\" data-widget_type=\"heading.default\">\n\t\t\t\t<div class=\"elementor-widget-container\">\n\t\t\t\t\t<h2 class=\"elementor-heading-title elementor-size-default\">Un Cambio De Frenos A Tiempo Te Puede Salvar La Vida.\n<\/h2>\t\t\t\t<\/div>\n\t\t\t\t<\/div>\n\t\t\t\t\t<\/div>\n\t\t\t\t<\/div>\n\t\t<div class=\"elementor-element elementor-element-a2957bb e-flex e-con-boxed e-con e-parent\" data-id=\"a2957bb\" data-element_type=\"container\" data-e-type=\"container\">\n\t\t\t\t\t<div class=\"e-con-inner\">\n\t\t<div class=\"elementor-element elementor-element-5beb55e e-con-full e-flex e-con e-child\" data-id=\"5beb55e\" data-element_type=\"container\" data-e-type=\"container\">\n\t\t\t\t<div class=\"elementor-element elementor-element-a378487 elementor-widget elementor-widget-text-editor\" data-id=\"a378487\" data-element_type=\"widget\" data-e-type=\"widget\" data-widget_type=\"text-editor.default\">\n\t\t\t\t<div class=\"elementor-widget-container\">\n\t\t\t\t\t\t\t\t\t<p>Entre nuestros servicios ofrecemos exhaustivas revisiones, l\u00edquido de frenos, discos y pastillas de frenos; todo por tu seguridad.<\/p><p>Los frenos son el \u00f3rgano de seguridad por excelencia y tienen como papel principal detener el autom\u00f3vil en las mejores condiciones.<\/p><p>Un buen sistema de frenos garantiza: eficacia \u201cm\u00ednima distancia de frenado\u201d, estabilidad \u201cconservaci\u00f3n de la trayectoria\u201d y progresividad \u201ceficacia proporcional a la acci\u00f3n del pedal\u201d.<\/p><p>Debe prestarse atenci\u00f3n a las siguientes circunstancias: el aumento de la distancia de frenado, el parpadeo del indicador de freno del tablero, el aumento del recorrido del pedal del freno, los ruidos y vibraciones que son producidos por un desgaste excesivo y la disminuci\u00f3n del l\u00edquido de frenos (debe cambiarse cada dos a\u00f1os). El sistema de frenado debe revisarse al menos cada 20.000 km<\/p><p>Un problema que suele darse con respecto a las pastillas de freno es el de producirse un desagradable ruido al frenar. Se suele achacar a la dureza de las pastillas, aunque no siempre esto es as\u00ed.<\/p>\t\t\t\t\t\t\t\t<\/div>\n\t\t\t\t<\/div>\n\t\t\t\t<\/div>\n\t\t<div class=\"elementor-element elementor-element-c7a0e07 e-con-full e-flex e-con e-child\" data-id=\"c7a0e07\" data-element_type=\"container\" data-e-type=\"container\">\n\t\t\t\t<div class=\"elementor-element elementor-element-2c10edf elementor-widget elementor-widget-image\" data-id=\"2c10edf\" data-element_type=\"widget\" data-e-type=\"widget\" data-widget_type=\"image.default\">\n\t\t\t\t<div class=\"elementor-widget-container\">\n\t\t\t\t\t\t\t\t\t\t\t\t\t\t\t<img fetchpriority=\"high\" decoding=\"async\" width=\"800\" height=\"387\" src=\"https:\/\/tallerchamberi.com\/wp-content\/uploads\/2024\/06\/services-2-img.jpg\" class=\"attachment-large size-large wp-image-328\" alt=\"\" srcset=\"https:\/\/tallerchamberi.com\/wp-content\/uploads\/2024\/06\/services-2-img.jpg 960w, https:\/\/tallerchamberi.com\/wp-content\/uploads\/2024\/06\/services-2-img-300x145.jpg 300w, https:\/\/tallerchamberi.com\/wp-content\/uploads\/2024\/06\/services-2-img-768x371.jpg 768w\" sizes=\"(max-width: 800px) 100vw, 800px\" \/>\t\t\t\t\t\t\t\t\t\t\t\t\t\t\t<\/div>\n\t\t\t\t<\/div>\n\t\t\t\t<div class=\"elementor-element elementor-element-9331c3e elementor-widget elementor-widget-text-editor\" data-id=\"9331c3e\" data-element_type=\"widget\" data-e-type=\"widget\" data-widget_type=\"text-editor.default\">\n\t\t\t\t<div class=\"elementor-widget-container\">\n\t\t\t\t\t\t\t\t\t<p>A veces lo que ocurre es que las pastillas han cristalizado dando lugar a ese ruido y a una frenada deficiente.<\/p><p>Las zapatas tambi\u00e9n se prestan a equ\u00edvocos, ya que no sufren un desgaste tan acusado como las pastillas, sino que se endurecen con el transcurso del tiempo y no frenan correctamente, siendo muy dif\u00edcil para el usuario establecer cuando ha de cambiar las zapatas. disponemos del equipamiento y personal cualificado para hacer un chequeo del correcto funcionamiento del sistema de frenado de tu coche.<\/p>\t\t\t\t\t\t\t\t<\/div>\n\t\t\t\t<\/div>\n\t\t\t\t<\/div>\n\t\t\t\t\t<\/div>\n\t\t\t\t<\/div>\n\t\t<div class=\"elementor-element elementor-element-db4765d e-con-full e-flex e-con e-parent\" data-id=\"db4765d\" data-element_type=\"container\" data-e-type=\"container\" data-settings=\"{&quot;background_background&quot;:&quot;classic&quot;}\">\n\t\t<div class=\"elementor-element elementor-element-31e6ae4 e-flex e-con-boxed e-con e-child\" data-id=\"31e6ae4\" data-element_type=\"container\" data-e-type=\"container\">\n\t\t\t\t\t<div class=\"e-con-inner\">\n\t\t\t\t<div class=\"elementor-element elementor-element-10c4b5d elementor-widget elementor-widget-heading\" data-id=\"10c4b5d\" data-element_type=\"widget\" data-e-type=\"widget\" data-widget_type=\"heading.default\">\n\t\t\t\t<div class=\"elementor-widget-container\">\n\t\t\t\t\t<h2 class=\"elementor-heading-title elementor-size-default\">Mejor rendimiento del combustible:<\/h2>\t\t\t\t<\/div>\n\t\t\t\t<\/div>\n\t\t\t\t<div class=\"elementor-element elementor-element-43b1857 elementor-widget elementor-widget-text-editor\" data-id=\"43b1857\" data-element_type=\"widget\" data-e-type=\"widget\" data-widget_type=\"text-editor.default\">\n\t\t\t\t<div class=\"elementor-widget-container\">\n\t\t\t\t\t\t\t\t\t<p>Si no se renueva el aceite regularmente, todas las molestas acumulaciones podr\u00edan comenzar a\u00a0<strong>afectar el rendimiento del motor<\/strong>\u00a0al crear peque\u00f1as cantidades de fricci\u00f3n adicional.\u00a0Esa fuerza de resistencia puede\u00a0<strong>disminuir la eficiencia del motor<\/strong>, lo que hace que tenga que trabajar m\u00e1s y, al final,\u00a0<strong>usar m\u00e1s combustible<\/strong>.<\/p><p>Un cambio de aceite regular puede aliviar esa restricci\u00f3n y permitir que los pistones se muevan lo m\u00e1s libremente posible,\u00a0<strong>aumentando el rendimiento de la gasolina<\/strong>.<\/p>\t\t\t\t\t\t\t\t<\/div>\n\t\t\t\t<\/div>\n\t\t\t\t\t<\/div>\n\t\t\t\t<\/div>\n\t\t<div class=\"elementor-element elementor-element-73ce9cf e-flex e-con-boxed e-con e-child\" data-id=\"73ce9cf\" data-element_type=\"container\" data-e-type=\"container\">\n\t\t\t\t\t<div class=\"e-con-inner\">\n\t\t\t\t<div class=\"elementor-element elementor-element-1067baa elementor-widget elementor-widget-image\" data-id=\"1067baa\" data-element_type=\"widget\" data-e-type=\"widget\" data-widget_type=\"image.default\">\n\t\t\t\t<div class=\"elementor-widget-container\">\n\t\t\t\t\t\t\t\t\t\t\t\t\t\t\t<img decoding=\"async\" width=\"800\" height=\"387\" src=\"https:\/\/tallerchamberi.com\/wp-content\/uploads\/2024\/06\/services-1-img.jpg\" class=\"attachment-large size-large wp-image-317\" alt=\"\" srcset=\"https:\/\/tallerchamberi.com\/wp-content\/uploads\/2024\/06\/services-1-img.jpg 960w, https:\/\/tallerchamberi.com\/wp-content\/uploads\/2024\/06\/services-1-img-300x145.jpg 300w, https:\/\/tallerchamberi.com\/wp-content\/uploads\/2024\/06\/services-1-img-768x371.jpg 768w\" sizes=\"(max-width: 800px) 100vw, 800px\" \/>\t\t\t\t\t\t\t\t\t\t\t\t\t\t\t<\/div>\n\t\t\t\t<\/div>\n\t\t\t\t\t<\/div>\n\t\t\t\t<\/div>\n\t\t\t\t<\/div>\n\t\t\t\t<\/div>\n\t\t","protected":false},"excerpt":{"rendered":"<p>Servicios Frenos Cambio De Frenos para su automovil Un Cambio De Frenos A Tiempo Te Puede Salvar La Vida. Entre nuestros servicios ofrecemos exhaustivas revisiones, l\u00edquido de frenos, discos y pastillas de frenos; todo por tu seguridad. Los frenos son el \u00f3rgano de seguridad por excelencia y tienen como papel principal detener el autom\u00f3vil en [&hellip;]<\/p>\n","protected":false},"author":1,"featured_media":0,"parent":0,"menu_order":0,"comment_status":"closed","ping_status":"closed","template":"","meta":{"footnotes":""},"class_list":["post-321","page","type-page","status-publish","hentry"],"_links":{"self":[{"href":"https:\/\/tallerchamberi.com\/index.php?rest_route=\/wp\/v2\/pages\/321","targetHints":{"allow":["GET"]}}],"collection":[{"href":"https:\/\/tallerchamberi.com\/index.php?rest_route=\/wp\/v2\/pages"}],"about":[{"href":"https:\/\/tallerchamberi.com\/index.php?rest_route=\/wp\/v2\/types\/page"}],"author":[{"embeddable":true,"href":"https:\/\/tallerchamberi.com\/index.php?rest_route=\/wp\/v2\/users\/1"}],"replies":[{"embeddable":true,"href":"https:\/\/tallerchamberi.com\/index.php?rest_route=%2Fwp%2Fv2%2Fcomments&post=321"}],"version-history":[{"count":4,"href":"https:\/\/tallerchamberi.com\/index.php?rest_route=\/wp\/v2\/pages\/321\/revisions"}],"predecessor-version":[{"id":331,"href":"https:\/\/tallerchamberi.com\/index.php?rest_route=\/wp\/v2\/pages\/321\/revisions\/331"}],"wp:attachment":[{"href":"https:\/\/tallerchamberi.com\/index.php?rest_route=%2Fwp%2Fv2%2Fmedia&parent=321"}],"curies":[{"name":"wp","href":"https:\/\/api.w.org\/{rel}","templated":true}]}}