{"id":369,"date":"2024-06-04T14:32:16","date_gmt":"2024-06-04T14:32:16","guid":{"rendered":"https:\/\/tallerchamberi.com\/?page_id=369"},"modified":"2024-06-04T14:37:14","modified_gmt":"2024-06-04T14:37:14","slug":"escapes","status":"publish","type":"page","link":"https:\/\/tallerchamberi.com\/?page_id=369","title":{"rendered":"ESCAPES"},"content":{"rendered":"\t\t<div data-elementor-type=\"wp-page\" data-elementor-id=\"369\" class=\"elementor elementor-369\" data-elementor-post-type=\"page\">\n\t\t\t\t<div class=\"elementor-element elementor-element-9a19d7d e-con-full e-flex e-con e-parent\" data-id=\"9a19d7d\" data-element_type=\"container\" data-e-type=\"container\" data-settings=\"{&quot;background_background&quot;:&quot;classic&quot;}\">\n\t\t\t\t<div class=\"elementor-element elementor-element-e5e2412 elementor-widget elementor-widget-heading\" data-id=\"e5e2412\" data-element_type=\"widget\" data-e-type=\"widget\" data-widget_type=\"heading.default\">\n\t\t\t\t<div class=\"elementor-widget-container\">\n\t\t\t\t\t<h2 class=\"elementor-heading-title elementor-size-default\">Servicios<\/h2>\t\t\t\t<\/div>\n\t\t\t\t<\/div>\n\t\t\t\t<\/div>\n\t\t<div class=\"elementor-element elementor-element-c14420c e-flex e-con-boxed e-con e-parent\" data-id=\"c14420c\" data-element_type=\"container\" data-e-type=\"container\">\n\t\t\t\t\t<div class=\"e-con-inner\">\n\t\t\t\t<div class=\"elementor-element elementor-element-70de26b elementor-widget elementor-widget-heading\" data-id=\"70de26b\" data-element_type=\"widget\" data-e-type=\"widget\" data-widget_type=\"heading.default\">\n\t\t\t\t<div class=\"elementor-widget-container\">\n\t\t\t\t\t<h2 class=\"elementor-heading-title elementor-size-default\">ESCAPES<\/h2>\t\t\t\t<\/div>\n\t\t\t\t<\/div>\n\t\t\t\t<div class=\"elementor-element elementor-element-312b962 elementor-widget elementor-widget-text-editor\" data-id=\"312b962\" data-element_type=\"widget\" data-e-type=\"widget\" data-widget_type=\"text-editor.default\">\n\t\t\t\t<div class=\"elementor-widget-container\">\n\t\t\t\t\t\t\t\t\t<p>La importancia de un sistema de escape en buen estado<\/p>\t\t\t\t\t\t\t\t<\/div>\n\t\t\t\t<\/div>\n\t\t\t\t\t<\/div>\n\t\t\t\t<\/div>\n\t\t<div class=\"elementor-element elementor-element-6c25a63 e-con-full e-flex e-con e-parent\" data-id=\"6c25a63\" data-element_type=\"container\" data-e-type=\"container\">\n\t\t\t\t<div class=\"elementor-element elementor-element-4ce91d4 elementor-widget-divider--view-line elementor-widget elementor-widget-divider\" data-id=\"4ce91d4\" data-element_type=\"widget\" data-e-type=\"widget\" data-widget_type=\"divider.default\">\n\t\t\t\t<div class=\"elementor-widget-container\">\n\t\t\t\t\t\t\t<div class=\"elementor-divider\">\n\t\t\t<span class=\"elementor-divider-separator\">\n\t\t\t\t\t\t<\/span>\n\t\t<\/div>\n\t\t\t\t\t\t<\/div>\n\t\t\t\t<\/div>\n\t\t<div class=\"elementor-element elementor-element-7599b6c e-con-full e-flex e-con e-child\" data-id=\"7599b6c\" data-element_type=\"container\" data-e-type=\"container\" data-settings=\"{&quot;background_background&quot;:&quot;classic&quot;}\">\n\t\t\t\t<div class=\"elementor-element elementor-element-c750d9c elementor-view-default elementor-widget elementor-widget-icon\" data-id=\"c750d9c\" data-element_type=\"widget\" data-e-type=\"widget\" data-widget_type=\"icon.default\">\n\t\t\t\t<div class=\"elementor-widget-container\">\n\t\t\t\t\t\t\t<div class=\"elementor-icon-wrapper\">\n\t\t\t<div class=\"elementor-icon\">\n\t\t\t<svg aria-hidden=\"true\" class=\"e-font-icon-svg e-fas-wrench\" viewBox=\"0 0 512 512\" xmlns=\"http:\/\/www.w3.org\/2000\/svg\"><path d=\"M507.73 109.1c-2.24-9.03-13.54-12.09-20.12-5.51l-74.36 74.36-67.88-11.31-11.31-67.88 74.36-74.36c6.62-6.62 3.43-17.9-5.66-20.16-47.38-11.74-99.55.91-136.58 37.93-39.64 39.64-50.55 97.1-34.05 147.2L18.74 402.76c-24.99 24.99-24.99 65.51 0 90.5 24.99 24.99 65.51 24.99 90.5 0l213.21-213.21c50.12 16.71 107.47 5.68 147.37-34.22 37.07-37.07 49.7-89.32 37.91-136.73zM64 472c-13.25 0-24-10.75-24-24 0-13.26 10.75-24 24-24s24 10.74 24 24c0 13.25-10.75 24-24 24z\"><\/path><\/svg>\t\t\t<\/div>\n\t\t<\/div>\n\t\t\t\t\t\t<\/div>\n\t\t\t\t<\/div>\n\t\t\t\t<\/div>\n\t\t\t\t<div class=\"elementor-element elementor-element-c5870e6 elementor-widget-divider--view-line elementor-widget elementor-widget-divider\" data-id=\"c5870e6\" data-element_type=\"widget\" data-e-type=\"widget\" data-widget_type=\"divider.default\">\n\t\t\t\t<div class=\"elementor-widget-container\">\n\t\t\t\t\t\t\t<div class=\"elementor-divider\">\n\t\t\t<span class=\"elementor-divider-separator\">\n\t\t\t\t\t\t<\/span>\n\t\t<\/div>\n\t\t\t\t\t\t<\/div>\n\t\t\t\t<\/div>\n\t\t\t\t<\/div>\n\t\t<div class=\"elementor-element elementor-element-c641c2f e-flex e-con-boxed e-con e-parent\" data-id=\"c641c2f\" data-element_type=\"container\" data-e-type=\"container\">\n\t\t\t\t\t<div class=\"e-con-inner\">\n\t\t\t\t<div class=\"elementor-element elementor-element-49f5d62 elementor-widget elementor-widget-heading\" data-id=\"49f5d62\" data-element_type=\"widget\" data-e-type=\"widget\" data-widget_type=\"heading.default\">\n\t\t\t\t<div class=\"elementor-widget-container\">\n\t\t\t\t\t<h2 class=\"elementor-heading-title elementor-size-default\">\u00bfCambiar El Tubo De Escape Aumenta La Potencia Del Motor?<\/h2>\t\t\t\t<\/div>\n\t\t\t\t<\/div>\n\t\t\t\t\t<\/div>\n\t\t\t\t<\/div>\n\t\t<div class=\"elementor-element elementor-element-a2957bb e-flex e-con-boxed e-con e-parent\" data-id=\"a2957bb\" data-element_type=\"container\" data-e-type=\"container\">\n\t\t\t\t\t<div class=\"e-con-inner\">\n\t\t<div class=\"elementor-element elementor-element-5beb55e e-con-full e-flex e-con e-child\" data-id=\"5beb55e\" data-element_type=\"container\" data-e-type=\"container\">\n\t\t\t\t<div class=\"elementor-element elementor-element-e8ef25e elementor-widget elementor-widget-image\" data-id=\"e8ef25e\" data-element_type=\"widget\" data-e-type=\"widget\" data-widget_type=\"image.default\">\n\t\t\t\t<div class=\"elementor-widget-container\">\n\t\t\t\t\t\t\t\t\t\t\t\t\t\t\t<img fetchpriority=\"high\" decoding=\"async\" width=\"800\" height=\"636\" src=\"https:\/\/tallerchamberi.com\/wp-content\/uploads\/2024\/06\/ESCAPE-1024x814.jpg\" class=\"attachment-large size-large wp-image-372\" alt=\"\" srcset=\"https:\/\/tallerchamberi.com\/wp-content\/uploads\/2024\/06\/ESCAPE-1024x814.jpg 1024w, https:\/\/tallerchamberi.com\/wp-content\/uploads\/2024\/06\/ESCAPE-300x238.jpg 300w, https:\/\/tallerchamberi.com\/wp-content\/uploads\/2024\/06\/ESCAPE-768x610.jpg 768w, https:\/\/tallerchamberi.com\/wp-content\/uploads\/2024\/06\/ESCAPE.jpg 1350w\" sizes=\"(max-width: 800px) 100vw, 800px\" \/>\t\t\t\t\t\t\t\t\t\t\t\t\t\t\t<\/div>\n\t\t\t\t<\/div>\n\t\t\t\t<\/div>\n\t\t<div class=\"elementor-element elementor-element-c7a0e07 e-con-full e-flex e-con e-child\" data-id=\"c7a0e07\" data-element_type=\"container\" data-e-type=\"container\">\n\t\t\t\t<div class=\"elementor-element elementor-element-ceb0b08 elementor-widget elementor-widget-text-editor\" data-id=\"ceb0b08\" data-element_type=\"widget\" data-e-type=\"widget\" data-widget_type=\"text-editor.default\">\n\t\t\t\t<div class=\"elementor-widget-container\">\n\t\t\t\t\t\t\t\t\t<p>El principal problema de los silenciosos es la condensaci\u00f3n del agua producida por la combusti\u00f3n. Especialmente, si el veh\u00edculo permanece largo tiempo sin ser usado o solo realiza trayectos cortos, al no alcanzar el silencioso la temperatura suficiente, el agua depositada no se evapora convenientemente, lo que produce oxidaci\u00f3n y rotura.<\/p><p>El silencioso est\u00e1 sometido a temperaturas de trabajo muy altas. Cuando el veh\u00edculo circula a 120 Km\/h se alcanzan los 800\u00baC de temperatura en los gases de escape.<\/p><p>En los trayectos cortos se producen mayores oxidaciones que en los largos.<\/p><p>La conducci\u00f3n deportiva produce fuertes vibraciones mec\u00e1nicas que afectan directamente al silencioso. Si usted escucha cualquier ruido anormal en el tubo de escape, haga que se lo revisen en su taller habitual.<\/p><p>Un error en el que se suele incurrir es no cambiar las gomas y soportes de los tubos y silenciosos que pueden haber cedido, lo que aumenta la movilidad y vibraci\u00f3n, lo que puede ser causa tambi\u00e9n de rotura.<\/p>\t\t\t\t\t\t\t\t<\/div>\n\t\t\t\t<\/div>\n\t\t\t\t<\/div>\n\t\t\t\t\t<\/div>\n\t\t\t\t<\/div>\n\t\t<div class=\"elementor-element elementor-element-db4765d e-con-full e-flex e-con e-parent\" data-id=\"db4765d\" data-element_type=\"container\" data-e-type=\"container\" data-settings=\"{&quot;background_background&quot;:&quot;classic&quot;}\">\n\t\t<div class=\"elementor-element elementor-element-31e6ae4 e-flex e-con-boxed e-con e-child\" data-id=\"31e6ae4\" data-element_type=\"container\" data-e-type=\"container\">\n\t\t\t\t\t<div class=\"e-con-inner\">\n\t\t\t\t<div class=\"elementor-element elementor-element-10c4b5d elementor-widget elementor-widget-heading\" data-id=\"10c4b5d\" data-element_type=\"widget\" data-e-type=\"widget\" data-widget_type=\"heading.default\">\n\t\t\t\t<div class=\"elementor-widget-container\">\n\t\t\t\t\t<h2 class=\"elementor-heading-title elementor-size-default\">ESCAPES<\/h2>\t\t\t\t<\/div>\n\t\t\t\t<\/div>\n\t\t\t\t<div class=\"elementor-element elementor-element-43b1857 elementor-widget elementor-widget-text-editor\" data-id=\"43b1857\" data-element_type=\"widget\" data-e-type=\"widget\" data-widget_type=\"text-editor.default\">\n\t\t\t\t<div class=\"elementor-widget-container\">\n\t\t\t\t\t\t\t\t\t<p>En Top Car nuestros especialistas le ofrecer\u00e1n un diagn\u00f3stico de su tubo de escape, control de la sonda lambda, unos productos adaptados a sus necesidades.<\/p><p>El silencioso contribuye al buen funcionamiento del motor, canalizando los gases de la combusti\u00f3n mientras aten\u00faa los ruidos del motor.<\/p><p>Un cambio de aceite regular puede aliviar esa restricci\u00f3n y permitir que los pistones se muevan lo m\u00e1s libremente posible,\u00a0<strong>aumentando el rendimiento de la gasolina<\/strong>.<\/p>\t\t\t\t\t\t\t\t<\/div>\n\t\t\t\t<\/div>\n\t\t\t\t\t<\/div>\n\t\t\t\t<\/div>\n\t\t<div class=\"elementor-element elementor-element-73ce9cf e-flex e-con-boxed e-con e-child\" data-id=\"73ce9cf\" data-element_type=\"container\" data-e-type=\"container\">\n\t\t\t\t\t<div class=\"e-con-inner\">\n\t\t\t\t<div class=\"elementor-element elementor-element-1067baa elementor-widget elementor-widget-image\" data-id=\"1067baa\" data-element_type=\"widget\" data-e-type=\"widget\" data-widget_type=\"image.default\">\n\t\t\t\t<div class=\"elementor-widget-container\">\n\t\t\t\t\t\t\t\t\t\t\t\t\t\t\t<img decoding=\"async\" width=\"800\" height=\"387\" src=\"https:\/\/tallerchamberi.com\/wp-content\/uploads\/2024\/06\/services-5-img.jpg\" class=\"attachment-large size-large wp-image-341\" alt=\"\" srcset=\"https:\/\/tallerchamberi.com\/wp-content\/uploads\/2024\/06\/services-5-img.jpg 960w, https:\/\/tallerchamberi.com\/wp-content\/uploads\/2024\/06\/services-5-img-300x145.jpg 300w, https:\/\/tallerchamberi.com\/wp-content\/uploads\/2024\/06\/services-5-img-768x371.jpg 768w\" sizes=\"(max-width: 800px) 100vw, 800px\" \/>\t\t\t\t\t\t\t\t\t\t\t\t\t\t\t<\/div>\n\t\t\t\t<\/div>\n\t\t\t\t\t<\/div>\n\t\t\t\t<\/div>\n\t\t\t\t<\/div>\n\t\t\t\t<\/div>\n\t\t","protected":false},"excerpt":{"rendered":"<p>Servicios ESCAPES La importancia de un sistema de escape en buen estado \u00bfCambiar El Tubo De Escape Aumenta La Potencia Del Motor? El principal problema de los silenciosos es la condensaci\u00f3n del agua producida por la combusti\u00f3n. Especialmente, si el veh\u00edculo permanece largo tiempo sin ser usado o solo realiza trayectos cortos, al no alcanzar [&hellip;]<\/p>\n","protected":false},"author":1,"featured_media":0,"parent":0,"menu_order":0,"comment_status":"closed","ping_status":"closed","template":"","meta":{"footnotes":""},"class_list":["post-369","page","type-page","status-publish","hentry"],"_links":{"self":[{"href":"https:\/\/tallerchamberi.com\/index.php?rest_route=\/wp\/v2\/pages\/369","targetHints":{"allow":["GET"]}}],"collection":[{"href":"https:\/\/tallerchamberi.com\/index.php?rest_route=\/wp\/v2\/pages"}],"about":[{"href":"https:\/\/tallerchamberi.com\/index.php?rest_route=\/wp\/v2\/types\/page"}],"author":[{"embeddable":true,"href":"https:\/\/tallerchamberi.com\/index.php?rest_route=\/wp\/v2\/users\/1"}],"replies":[{"embeddable":true,"href":"https:\/\/tallerchamberi.com\/index.php?rest_route=%2Fwp%2Fv2%2Fcomments&post=369"}],"version-history":[{"count":4,"href":"https:\/\/tallerchamberi.com\/index.php?rest_route=\/wp\/v2\/pages\/369\/revisions"}],"predecessor-version":[{"id":375,"href":"https:\/\/tallerchamberi.com\/index.php?rest_route=\/wp\/v2\/pages\/369\/revisions\/375"}],"wp:attachment":[{"href":"https:\/\/tallerchamberi.com\/index.php?rest_route=%2Fwp%2Fv2%2Fmedia&parent=369"}],"curies":[{"name":"wp","href":"https:\/\/api.w.org\/{rel}","templated":true}]}}