{"id":380,"date":"2024-06-04T14:43:08","date_gmt":"2024-06-04T14:43:08","guid":{"rendered":"https:\/\/tallerchamberi.com\/?page_id=380"},"modified":"2024-06-04T14:50:04","modified_gmt":"2024-06-04T14:50:04","slug":"limpiaparabrisas-y-faros","status":"publish","type":"page","link":"https:\/\/tallerchamberi.com\/?page_id=380","title":{"rendered":"LIMPIAPARABRISAS Y FAROS"},"content":{"rendered":"\t\t<div data-elementor-type=\"wp-page\" data-elementor-id=\"380\" class=\"elementor elementor-380\" data-elementor-post-type=\"page\">\n\t\t\t\t<div class=\"elementor-element elementor-element-9a19d7d e-con-full e-flex e-con e-parent\" data-id=\"9a19d7d\" data-element_type=\"container\" data-e-type=\"container\" data-settings=\"{&quot;background_background&quot;:&quot;classic&quot;}\">\n\t\t\t\t<div class=\"elementor-element elementor-element-e5e2412 elementor-widget elementor-widget-heading\" data-id=\"e5e2412\" data-element_type=\"widget\" data-e-type=\"widget\" data-widget_type=\"heading.default\">\n\t\t\t\t<div class=\"elementor-widget-container\">\n\t\t\t\t\t<h2 class=\"elementor-heading-title elementor-size-default\">Servicios<\/h2>\t\t\t\t<\/div>\n\t\t\t\t<\/div>\n\t\t\t\t<\/div>\n\t\t<div class=\"elementor-element elementor-element-c14420c e-flex e-con-boxed e-con e-parent\" data-id=\"c14420c\" data-element_type=\"container\" data-e-type=\"container\">\n\t\t\t\t\t<div class=\"e-con-inner\">\n\t\t\t\t<div class=\"elementor-element elementor-element-70de26b elementor-widget elementor-widget-heading\" data-id=\"70de26b\" data-element_type=\"widget\" data-e-type=\"widget\" data-widget_type=\"heading.default\">\n\t\t\t\t<div class=\"elementor-widget-container\">\n\t\t\t\t\t<h2 class=\"elementor-heading-title elementor-size-default\">LIMPIAPARABRISAS Y FAROS<\/h2>\t\t\t\t<\/div>\n\t\t\t\t<\/div>\n\t\t\t\t<div class=\"elementor-element elementor-element-312b962 elementor-widget elementor-widget-text-editor\" data-id=\"312b962\" data-element_type=\"widget\" data-e-type=\"widget\" data-widget_type=\"text-editor.default\">\n\t\t\t\t<div class=\"elementor-widget-container\">\n\t\t\t\t\t\t\t\t\t<p>Cambio de limpiaparabrisas y faros<\/p>\t\t\t\t\t\t\t\t<\/div>\n\t\t\t\t<\/div>\n\t\t\t\t\t<\/div>\n\t\t\t\t<\/div>\n\t\t<div class=\"elementor-element elementor-element-6c25a63 e-con-full e-flex e-con e-parent\" data-id=\"6c25a63\" data-element_type=\"container\" data-e-type=\"container\">\n\t\t\t\t<div class=\"elementor-element elementor-element-4ce91d4 elementor-widget-divider--view-line elementor-widget elementor-widget-divider\" data-id=\"4ce91d4\" data-element_type=\"widget\" data-e-type=\"widget\" data-widget_type=\"divider.default\">\n\t\t\t\t<div class=\"elementor-widget-container\">\n\t\t\t\t\t\t\t<div class=\"elementor-divider\">\n\t\t\t<span class=\"elementor-divider-separator\">\n\t\t\t\t\t\t<\/span>\n\t\t<\/div>\n\t\t\t\t\t\t<\/div>\n\t\t\t\t<\/div>\n\t\t<div class=\"elementor-element elementor-element-7599b6c e-con-full e-flex e-con e-child\" data-id=\"7599b6c\" data-element_type=\"container\" data-e-type=\"container\" data-settings=\"{&quot;background_background&quot;:&quot;classic&quot;}\">\n\t\t\t\t<div class=\"elementor-element elementor-element-c750d9c e-transform elementor-view-default elementor-widget elementor-widget-icon\" data-id=\"c750d9c\" data-element_type=\"widget\" data-e-type=\"widget\" data-settings=\"{&quot;_transform_flipX_effect&quot;:&quot;transform&quot;}\" data-widget_type=\"icon.default\">\n\t\t\t\t<div class=\"elementor-widget-container\">\n\t\t\t\t\t\t\t<div class=\"elementor-icon-wrapper\">\n\t\t\t<div class=\"elementor-icon\">\n\t\t\t<svg aria-hidden=\"true\" class=\"e-font-icon-svg e-fas-car-side\" viewBox=\"0 0 640 512\" xmlns=\"http:\/\/www.w3.org\/2000\/svg\"><path d=\"M544 192h-16L419.22 56.02A64.025 64.025 0 0 0 369.24 32H155.33c-26.17 0-49.7 15.93-59.42 40.23L48 194.26C20.44 201.4 0 226.21 0 256v112c0 8.84 7.16 16 16 16h48c0 53.02 42.98 96 96 96s96-42.98 96-96h128c0 53.02 42.98 96 96 96s96-42.98 96-96h48c8.84 0 16-7.16 16-16v-80c0-53.02-42.98-96-96-96zM160 432c-26.47 0-48-21.53-48-48s21.53-48 48-48 48 21.53 48 48-21.53 48-48 48zm72-240H116.93l38.4-96H232v96zm48 0V96h89.24l76.8 96H280zm200 240c-26.47 0-48-21.53-48-48s21.53-48 48-48 48 21.53 48 48-21.53 48-48 48z\"><\/path><\/svg>\t\t\t<\/div>\n\t\t<\/div>\n\t\t\t\t\t\t<\/div>\n\t\t\t\t<\/div>\n\t\t\t\t<\/div>\n\t\t\t\t<div class=\"elementor-element elementor-element-c5870e6 elementor-widget-divider--view-line elementor-widget elementor-widget-divider\" data-id=\"c5870e6\" data-element_type=\"widget\" data-e-type=\"widget\" data-widget_type=\"divider.default\">\n\t\t\t\t<div class=\"elementor-widget-container\">\n\t\t\t\t\t\t\t<div class=\"elementor-divider\">\n\t\t\t<span class=\"elementor-divider-separator\">\n\t\t\t\t\t\t<\/span>\n\t\t<\/div>\n\t\t\t\t\t\t<\/div>\n\t\t\t\t<\/div>\n\t\t\t\t<\/div>\n\t\t<div class=\"elementor-element elementor-element-32feacc e-flex e-con-boxed e-con e-parent\" data-id=\"32feacc\" data-element_type=\"container\" data-e-type=\"container\">\n\t\t\t\t\t<div class=\"e-con-inner\">\n\t\t\t\t<div class=\"elementor-element elementor-element-04857a8 elementor-widget elementor-widget-heading\" data-id=\"04857a8\" data-element_type=\"widget\" data-e-type=\"widget\" data-widget_type=\"heading.default\">\n\t\t\t\t<div class=\"elementor-widget-container\">\n\t\t\t\t\t<h2 class=\"elementor-heading-title elementor-size-default\">No Tenerlos En Buen Estado Puede Ser Muy Peligroso<\/h2>\t\t\t\t<\/div>\n\t\t\t\t<\/div>\n\t\t\t\t\t<\/div>\n\t\t\t\t<\/div>\n\t\t<div class=\"elementor-element elementor-element-a2957bb e-flex e-con-boxed e-con e-parent\" data-id=\"a2957bb\" data-element_type=\"container\" data-e-type=\"container\">\n\t\t\t\t\t<div class=\"e-con-inner\">\n\t\t<div class=\"elementor-element elementor-element-5beb55e e-con-full e-flex e-con e-child\" data-id=\"5beb55e\" data-element_type=\"container\" data-e-type=\"container\">\n\t\t\t\t<div class=\"elementor-element elementor-element-a378487 elementor-widget elementor-widget-text-editor\" data-id=\"a378487\" data-element_type=\"widget\" data-e-type=\"widget\" data-widget_type=\"text-editor.default\">\n\t\t\t\t<div class=\"elementor-widget-container\">\n\t\t\t\t\t\t\t\t\t<p>Despu\u00e9s de un a\u00f1o se detectan estos defectos: estr\u00edas, ruidos y rastros. Su seguridad se ve afectada ya que la visibilidad disminuye.<\/p><p>Es conveniente revisar las escobillas antes de realizar un viaje de larga duraci\u00f3n y antes del invierno y del verano.<\/p><p>Los faros, la correcta visibilidad bajo cualquier circunstancia es fundamental para una conducci\u00f3n segura.<\/p><p>Es aconsejable comprobar la regulaci\u00f3n de los faros de manera peri\u00f3dica y mantenerlos siempre limpios y en buen estado.<\/p><p>Lleve siempre consigo un juego de l\u00e1mparas de recambio para posibles sustituciones.<\/p>\t\t\t\t\t\t\t\t<\/div>\n\t\t\t\t<\/div>\n\t\t\t\t<\/div>\n\t\t\t\t<div class=\"elementor-element elementor-element-01122e7 elementor-widget elementor-widget-image\" data-id=\"01122e7\" data-element_type=\"widget\" data-e-type=\"widget\" data-widget_type=\"image.default\">\n\t\t\t\t<div class=\"elementor-widget-container\">\n\t\t\t\t\t\t\t\t\t\t\t\t\t\t\t<img fetchpriority=\"high\" decoding=\"async\" width=\"800\" height=\"636\" src=\"https:\/\/tallerchamberi.com\/wp-content\/uploads\/2024\/06\/faro3-1024x814.jpg\" class=\"attachment-large size-large wp-image-382\" alt=\"\" srcset=\"https:\/\/tallerchamberi.com\/wp-content\/uploads\/2024\/06\/faro3-1024x814.jpg 1024w, https:\/\/tallerchamberi.com\/wp-content\/uploads\/2024\/06\/faro3-300x238.jpg 300w, https:\/\/tallerchamberi.com\/wp-content\/uploads\/2024\/06\/faro3-768x610.jpg 768w, https:\/\/tallerchamberi.com\/wp-content\/uploads\/2024\/06\/faro3.jpg 1534w\" sizes=\"(max-width: 800px) 100vw, 800px\" \/>\t\t\t\t\t\t\t\t\t\t\t\t\t\t\t<\/div>\n\t\t\t\t<\/div>\n\t\t\t\t\t<\/div>\n\t\t\t\t<\/div>\n\t\t<div class=\"elementor-element elementor-element-db4765d e-con-full e-flex e-con e-parent\" data-id=\"db4765d\" data-element_type=\"container\" data-e-type=\"container\" data-settings=\"{&quot;background_background&quot;:&quot;classic&quot;}\">\n\t\t<div class=\"elementor-element elementor-element-31e6ae4 e-flex e-con-boxed e-con e-child\" data-id=\"31e6ae4\" data-element_type=\"container\" data-e-type=\"container\">\n\t\t\t\t\t<div class=\"e-con-inner\">\n\t\t\t\t<div class=\"elementor-element elementor-element-10c4b5d elementor-widget elementor-widget-heading\" data-id=\"10c4b5d\" data-element_type=\"widget\" data-e-type=\"widget\" data-widget_type=\"heading.default\">\n\t\t\t\t<div class=\"elementor-widget-container\">\n\t\t\t\t\t<h2 class=\"elementor-heading-title elementor-size-default\">Mantenimiento escobillas limpiaparabrisas y faros de su autom\u00f3vil<\/h2>\t\t\t\t<\/div>\n\t\t\t\t<\/div>\n\t\t\t\t<div class=\"elementor-element elementor-element-43b1857 elementor-widget elementor-widget-text-editor\" data-id=\"43b1857\" data-element_type=\"widget\" data-e-type=\"widget\" data-widget_type=\"text-editor.default\">\n\t\t\t\t<div class=\"elementor-widget-container\">\n\t\t\t\t\t\t\t\t\t<p>Las escobillas aseguran la visibilidad en todo momento, despegan las part\u00edculas pegadas y la poluci\u00f3n, evacuan el agua, hielo y nieve por una acci\u00f3n mec\u00e1nica.<\/p><p>S\u00f3lo una escobilla de caucho natural garantiza una limpieza impecable del parabrisas. Ahora bien, el caucho es una materia viva, se endurece y se desgasta progresivamente por efecto de los agentes climatol\u00f3gicos, la acci\u00f3n mec\u00e1nica, etc.<\/p>\t\t\t\t\t\t\t\t<\/div>\n\t\t\t\t<\/div>\n\t\t\t\t\t<\/div>\n\t\t\t\t<\/div>\n\t\t<div class=\"elementor-element elementor-element-73ce9cf e-flex e-con-boxed e-con e-child\" data-id=\"73ce9cf\" data-element_type=\"container\" data-e-type=\"container\">\n\t\t\t\t\t<div class=\"e-con-inner\">\n\t\t\t\t<div class=\"elementor-element elementor-element-1067baa elementor-widget elementor-widget-image\" data-id=\"1067baa\" data-element_type=\"widget\" data-e-type=\"widget\" data-widget_type=\"image.default\">\n\t\t\t\t<div class=\"elementor-widget-container\">\n\t\t\t\t\t\t\t\t\t\t\t\t\t\t\t<img decoding=\"async\" width=\"800\" height=\"314\" src=\"https:\/\/tallerchamberi.com\/wp-content\/uploads\/2024\/06\/faro-1-1-1024x402-1.jpg\" class=\"attachment-large size-large wp-image-386\" alt=\"\" srcset=\"https:\/\/tallerchamberi.com\/wp-content\/uploads\/2024\/06\/faro-1-1-1024x402-1.jpg 1024w, https:\/\/tallerchamberi.com\/wp-content\/uploads\/2024\/06\/faro-1-1-1024x402-1-300x118.jpg 300w, https:\/\/tallerchamberi.com\/wp-content\/uploads\/2024\/06\/faro-1-1-1024x402-1-768x302.jpg 768w\" sizes=\"(max-width: 800px) 100vw, 800px\" \/>\t\t\t\t\t\t\t\t\t\t\t\t\t\t\t<\/div>\n\t\t\t\t<\/div>\n\t\t\t\t\t<\/div>\n\t\t\t\t<\/div>\n\t\t\t\t<\/div>\n\t\t\t\t<\/div>\n\t\t","protected":false},"excerpt":{"rendered":"<p>Servicios LIMPIAPARABRISAS Y FAROS Cambio de limpiaparabrisas y faros No Tenerlos En Buen Estado Puede Ser Muy Peligroso Despu\u00e9s de un a\u00f1o se detectan estos defectos: estr\u00edas, ruidos y rastros. Su seguridad se ve afectada ya que la visibilidad disminuye. Es conveniente revisar las escobillas antes de realizar un viaje de larga duraci\u00f3n y antes [&hellip;]<\/p>\n","protected":false},"author":1,"featured_media":0,"parent":0,"menu_order":0,"comment_status":"closed","ping_status":"closed","template":"","meta":{"footnotes":""},"class_list":["post-380","page","type-page","status-publish","hentry"],"_links":{"self":[{"href":"https:\/\/tallerchamberi.com\/index.php?rest_route=\/wp\/v2\/pages\/380","targetHints":{"allow":["GET"]}}],"collection":[{"href":"https:\/\/tallerchamberi.com\/index.php?rest_route=\/wp\/v2\/pages"}],"about":[{"href":"https:\/\/tallerchamberi.com\/index.php?rest_route=\/wp\/v2\/types\/page"}],"author":[{"embeddable":true,"href":"https:\/\/tallerchamberi.com\/index.php?rest_route=\/wp\/v2\/users\/1"}],"replies":[{"embeddable":true,"href":"https:\/\/tallerchamberi.com\/index.php?rest_route=%2Fwp%2Fv2%2Fcomments&post=380"}],"version-history":[{"count":7,"href":"https:\/\/tallerchamberi.com\/index.php?rest_route=\/wp\/v2\/pages\/380\/revisions"}],"predecessor-version":[{"id":389,"href":"https:\/\/tallerchamberi.com\/index.php?rest_route=\/wp\/v2\/pages\/380\/revisions\/389"}],"wp:attachment":[{"href":"https:\/\/tallerchamberi.com\/index.php?rest_route=%2Fwp%2Fv2%2Fmedia&parent=380"}],"curies":[{"name":"wp","href":"https:\/\/api.w.org\/{rel}","templated":true}]}}