{"id":449,"date":"2024-06-04T20:55:54","date_gmt":"2024-06-04T20:55:54","guid":{"rendered":"https:\/\/tallerchamberi.com\/?page_id=449"},"modified":"2024-06-05T06:52:23","modified_gmt":"2024-06-05T06:52:23","slug":"aceites-y-lubricantes-2","status":"publish","type":"page","link":"https:\/\/tallerchamberi.com\/?page_id=449","title":{"rendered":"ACEITES Y LUBRICANTES"},"content":{"rendered":"\t\t<div data-elementor-type=\"wp-page\" data-elementor-id=\"449\" class=\"elementor elementor-449\" data-elementor-post-type=\"page\">\n\t\t\t\t<div class=\"elementor-element elementor-element-9a19d7d e-con-full e-flex e-con e-parent\" data-id=\"9a19d7d\" data-element_type=\"container\" data-e-type=\"container\" data-settings=\"{&quot;background_background&quot;:&quot;classic&quot;}\">\n\t\t\t\t<div class=\"elementor-element elementor-element-e5e2412 elementor-widget elementor-widget-heading\" data-id=\"e5e2412\" data-element_type=\"widget\" data-e-type=\"widget\" data-widget_type=\"heading.default\">\n\t\t\t\t<div class=\"elementor-widget-container\">\n\t\t\t\t\t<h2 class=\"elementor-heading-title elementor-size-default\">Servicios<\/h2>\t\t\t\t<\/div>\n\t\t\t\t<\/div>\n\t\t\t\t<\/div>\n\t\t<div class=\"elementor-element elementor-element-c14420c e-flex e-con-boxed e-con e-parent\" data-id=\"c14420c\" data-element_type=\"container\" data-e-type=\"container\">\n\t\t\t\t\t<div class=\"e-con-inner\">\n\t\t\t\t<div class=\"elementor-element elementor-element-70de26b elementor-widget elementor-widget-heading\" data-id=\"70de26b\" data-element_type=\"widget\" data-e-type=\"widget\" data-widget_type=\"heading.default\">\n\t\t\t\t<div class=\"elementor-widget-container\">\n\t\t\t\t\t<h2 class=\"elementor-heading-title elementor-size-default\">ACEITES Y LUBRICANTES<\/h2>\t\t\t\t<\/div>\n\t\t\t\t<\/div>\n\t\t\t\t<div class=\"elementor-element elementor-element-312b962 elementor-widget elementor-widget-text-editor\" data-id=\"312b962\" data-element_type=\"widget\" data-e-type=\"widget\" data-widget_type=\"text-editor.default\">\n\t\t\t\t<div class=\"elementor-widget-container\">\n\t\t\t\t\t\t\t\t\t<p>Cambio de aceite de su autom\u00f3vil.<\/p>\t\t\t\t\t\t\t\t<\/div>\n\t\t\t\t<\/div>\n\t\t\t\t\t<\/div>\n\t\t\t\t<\/div>\n\t\t<div class=\"elementor-element elementor-element-6c25a63 e-con-full e-flex e-con e-parent\" data-id=\"6c25a63\" data-element_type=\"container\" data-e-type=\"container\">\n\t\t\t\t<div class=\"elementor-element elementor-element-4ce91d4 elementor-widget-divider--view-line elementor-widget elementor-widget-divider\" data-id=\"4ce91d4\" data-element_type=\"widget\" data-e-type=\"widget\" data-widget_type=\"divider.default\">\n\t\t\t\t<div class=\"elementor-widget-container\">\n\t\t\t\t\t\t\t<div class=\"elementor-divider\">\n\t\t\t<span class=\"elementor-divider-separator\">\n\t\t\t\t\t\t<\/span>\n\t\t<\/div>\n\t\t\t\t\t\t<\/div>\n\t\t\t\t<\/div>\n\t\t<div class=\"elementor-element elementor-element-7599b6c e-con-full e-flex e-con e-child\" data-id=\"7599b6c\" data-element_type=\"container\" data-e-type=\"container\" data-settings=\"{&quot;background_background&quot;:&quot;classic&quot;}\">\n\t\t\t\t<div class=\"elementor-element elementor-element-c750d9c elementor-view-default elementor-widget elementor-widget-icon\" data-id=\"c750d9c\" data-element_type=\"widget\" data-e-type=\"widget\" data-widget_type=\"icon.default\">\n\t\t\t\t<div class=\"elementor-widget-container\">\n\t\t\t\t\t\t\t<div class=\"elementor-icon-wrapper\">\n\t\t\t<div class=\"elementor-icon\">\n\t\t\t<svg aria-hidden=\"true\" class=\"e-font-icon-svg e-fas-fill-drip\" viewBox=\"0 0 576 512\" xmlns=\"http:\/\/www.w3.org\/2000\/svg\"><path d=\"M512 320s-64 92.65-64 128c0 35.35 28.66 64 64 64s64-28.65 64-64-64-128-64-128zm-9.37-102.94L294.94 9.37C288.69 3.12 280.5 0 272.31 0s-16.38 3.12-22.62 9.37l-81.58 81.58L81.93 4.76c-6.25-6.25-16.38-6.25-22.62 0L36.69 27.38c-6.24 6.25-6.24 16.38 0 22.62l86.19 86.18-94.76 94.76c-37.49 37.48-37.49 98.26 0 135.75l117.19 117.19c18.74 18.74 43.31 28.12 67.87 28.12 24.57 0 49.13-9.37 67.87-28.12l221.57-221.57c12.5-12.5 12.5-32.75.01-45.25zm-116.22 70.97H65.93c1.36-3.84 3.57-7.98 7.43-11.83l13.15-13.15 81.61-81.61 58.6 58.6c12.49 12.49 32.75 12.49 45.24 0s12.49-32.75 0-45.24l-58.6-58.6 58.95-58.95 162.44 162.44-48.34 48.34z\"><\/path><\/svg>\t\t\t<\/div>\n\t\t<\/div>\n\t\t\t\t\t\t<\/div>\n\t\t\t\t<\/div>\n\t\t\t\t<\/div>\n\t\t\t\t<div class=\"elementor-element elementor-element-c5870e6 elementor-widget-divider--view-line elementor-widget elementor-widget-divider\" data-id=\"c5870e6\" data-element_type=\"widget\" data-e-type=\"widget\" data-widget_type=\"divider.default\">\n\t\t\t\t<div class=\"elementor-widget-container\">\n\t\t\t\t\t\t\t<div class=\"elementor-divider\">\n\t\t\t<span class=\"elementor-divider-separator\">\n\t\t\t\t\t\t<\/span>\n\t\t<\/div>\n\t\t\t\t\t\t<\/div>\n\t\t\t\t<\/div>\n\t\t\t\t<\/div>\n\t\t<div class=\"elementor-element elementor-element-c641c2f e-flex e-con-boxed e-con e-parent\" data-id=\"c641c2f\" data-element_type=\"container\" data-e-type=\"container\">\n\t\t\t\t\t<div class=\"e-con-inner\">\n\t\t\t\t<div class=\"elementor-element elementor-element-49f5d62 elementor-widget elementor-widget-heading\" data-id=\"49f5d62\" data-element_type=\"widget\" data-e-type=\"widget\" data-widget_type=\"heading.default\">\n\t\t\t\t<div class=\"elementor-widget-container\">\n\t\t\t\t\t<h2 class=\"elementor-heading-title elementor-size-default\">Un Cambio De Aceite A Tiempo Puede Salvar Tu Motor.<\/h2>\t\t\t\t<\/div>\n\t\t\t\t<\/div>\n\t\t\t\t\t<\/div>\n\t\t\t\t<\/div>\n\t\t<div class=\"elementor-element elementor-element-a2957bb e-flex e-con-boxed e-con e-parent\" data-id=\"a2957bb\" data-element_type=\"container\" data-e-type=\"container\">\n\t\t\t\t\t<div class=\"e-con-inner\">\n\t\t<div class=\"elementor-element elementor-element-c7a0e07 e-con-full e-flex e-con e-child\" data-id=\"c7a0e07\" data-element_type=\"container\" data-e-type=\"container\">\n\t\t\t\t<div class=\"elementor-element elementor-element-ceb0b08 elementor-widget elementor-widget-text-editor\" data-id=\"ceb0b08\" data-element_type=\"widget\" data-e-type=\"widget\" data-widget_type=\"text-editor.default\">\n\t\t\t\t<div class=\"elementor-widget-container\">\n\t\t\t\t\t\t\t\t\t<div class=\"fw-row\"><div id=\"column-735099b1a73df3e985054d4c45b7643c\" class=\"fw-col-sm-6 tf-sh-735099b1a73df3e985054d4c45b7643c\"><div class=\"fw-col-inner\"><div class=\"fw-text-box tf-sh-9a4611369e3b92277eb2608ecd2a789e \"><div class=\"fw-text-inner\"><p>El aceite es un elemento vital en el mantenimiento del coche. Se deben tener muy en cuenta las recomendaciones del fabricante del autom\u00f3vil en cuanto a la calidad y la viscosidad del aceite empleado.<br \/>Los fabricantes de los veh\u00edculos utilizan las normas API y ACEA para definir la calidad de los lubricantes que recomiendan en sus coches. Es muy importante seleccionar un aceite que tenga la calidad indicada o superior, pero nunca inferior, ya que ponemos en peligro el buen funcionamiento de nuestro motor.<br \/>Es imprescindible realizar los cambios de aceite con regularidad, siguiendo en cualquier caso la recomendaci\u00f3n del fabricante. Conviene reducir el intervalo entre dos cambios de aceite en situaciones de uso intensivo del autom\u00f3vil: conducci\u00f3n exclusivamente urbana, conducci\u00f3n deportiva, conducci\u00f3n con cargas elevadas, etc.<\/p><\/div><\/div><\/div><\/div><\/div><div class=\"fw-row\"><div id=\"column-a1b61500cdda8abea95d8b2404e819c5\" class=\"fw-col-sm-12 tf-sh-a1b61500cdda8abea95d8b2404e819c5\"><div class=\"fw-main-row-overlay\">Una de las principales funciones del aceite es limpiar el interior del motor; si lo mantenemos demasiado tiempo, estaremos circulando con un lubricante sucio y contaminado que no ser\u00e1 capaz de cumplir con dicha funci\u00f3n, generando un exceso de residuos y contaminantes en el motor.<\/div><div class=\"fw-col-inner\"><div class=\"fw-text-box tf-sh-22cf149baaa73736b6f31a0cbb99cb75 \"><div class=\"fw-text-inner\"><p>Es conveniente cambiar el aceite y el filtro una vez al a\u00f1o, aunque no se hayan recorrido los kil\u00f3metros indicados por el fabricante.<br \/>Nuestro equipo de profesionales le asesorar\u00e1 seg\u00fan sus necesidades para un mantenimiento \u00f3ptimo.<\/p><\/div><\/div><\/div><\/div><\/div>\t\t\t\t\t\t\t\t<\/div>\n\t\t\t\t<\/div>\n\t\t\t\t<\/div>\n\t\t<div class=\"elementor-element elementor-element-d721db6 e-con-full e-flex e-con e-child\" data-id=\"d721db6\" data-element_type=\"container\" data-e-type=\"container\">\n\t\t\t\t<div class=\"elementor-element elementor-element-e12f4a0 elementor-widget elementor-widget-text-editor\" data-id=\"e12f4a0\" data-element_type=\"widget\" data-e-type=\"widget\" data-widget_type=\"text-editor.default\">\n\t\t\t\t<div class=\"elementor-widget-container\">\n\t\t\t\t\t\t\t\t\t<p>Menor cantidad de emisiones producidas:<\/p><p class=\"sc-esOvli iOcMEG\"><strong>Los hidrocarburos<\/strong>\u00a0son desagradables subproductos de la combusti\u00f3n que pueden hacer que su autom\u00f3vil falle en una prueba de emisiones.\u00a0Pueden desarrollarse en el c\u00e1rter del motor, especialmente cuando se mantiene aceite sucio dentro del bloque.\u00a0Las part\u00edculas t\u00f3xicas luego se filtran en las c\u00e1maras de combusti\u00f3n y son escupidas por el escape, lo que no es bueno para el medio ambiente o su autom\u00f3vil.<\/p><p class=\"sc-esOvli iOcMEG\">Por lo tanto, un nuevo conjunto de fluidos ayudar\u00e1 a su autom\u00f3vil a pasar los controles regulares y reducir\u00e1 el impacto en el mundo en general.<\/p>\t\t\t\t\t\t\t\t<\/div>\n\t\t\t\t<\/div>\n\t\t\t\t<\/div>\n\t\t\t\t\t<\/div>\n\t\t\t\t<\/div>\n\t\t<div class=\"elementor-element elementor-element-db4765d e-con-full e-flex e-con e-parent\" data-id=\"db4765d\" data-element_type=\"container\" data-e-type=\"container\" data-settings=\"{&quot;background_background&quot;:&quot;classic&quot;}\">\n\t\t<div class=\"elementor-element elementor-element-31e6ae4 e-flex e-con-boxed e-con e-child\" data-id=\"31e6ae4\" data-element_type=\"container\" data-e-type=\"container\">\n\t\t\t\t\t<div class=\"e-con-inner\">\n\t\t\t\t<div class=\"elementor-element elementor-element-10c4b5d elementor-widget elementor-widget-heading\" data-id=\"10c4b5d\" data-element_type=\"widget\" data-e-type=\"widget\" data-widget_type=\"heading.default\">\n\t\t\t\t<div class=\"elementor-widget-container\">\n\t\t\t\t\t<h2 class=\"elementor-heading-title elementor-size-default\">Mejor rendimiento del combustible:<\/h2>\t\t\t\t<\/div>\n\t\t\t\t<\/div>\n\t\t\t\t<div class=\"elementor-element elementor-element-43b1857 elementor-widget elementor-widget-text-editor\" data-id=\"43b1857\" data-element_type=\"widget\" data-e-type=\"widget\" data-widget_type=\"text-editor.default\">\n\t\t\t\t<div class=\"elementor-widget-container\">\n\t\t\t\t\t\t\t\t\t<p>Si no se renueva el aceite regularmente, todas las molestas acumulaciones podr\u00edan comenzar a\u00a0<strong>afectar el rendimiento del motor<\/strong>\u00a0al crear peque\u00f1as cantidades de fricci\u00f3n adicional.\u00a0Esa fuerza de resistencia puede\u00a0<strong>disminuir la eficiencia del motor<\/strong>, lo que hace que tenga que trabajar m\u00e1s y, al final,\u00a0<strong>usar m\u00e1s combustible<\/strong>.<\/p><p>Un cambio de aceite regular puede aliviar esa restricci\u00f3n y permitir que los pistones se muevan lo m\u00e1s libremente posible,\u00a0<strong>aumentando el rendimiento de la gasolina<\/strong>.<\/p>\t\t\t\t\t\t\t\t<\/div>\n\t\t\t\t<\/div>\n\t\t\t\t\t<\/div>\n\t\t\t\t<\/div>\n\t\t<div class=\"elementor-element elementor-element-73ce9cf e-flex e-con-boxed e-con e-child\" data-id=\"73ce9cf\" data-element_type=\"container\" data-e-type=\"container\">\n\t\t\t\t\t<div class=\"e-con-inner\">\n\t\t\t\t<div class=\"elementor-element elementor-element-1067baa elementor-widget elementor-widget-image\" data-id=\"1067baa\" data-element_type=\"widget\" data-e-type=\"widget\" data-widget_type=\"image.default\">\n\t\t\t\t<div class=\"elementor-widget-container\">\n\t\t\t\t\t\t\t\t\t\t\t\t\t\t\t<img fetchpriority=\"high\" decoding=\"async\" width=\"800\" height=\"387\" src=\"https:\/\/tallerchamberi.com\/wp-content\/uploads\/2024\/06\/services-1-img.jpg\" class=\"attachment-large size-large wp-image-317\" alt=\"\" srcset=\"https:\/\/tallerchamberi.com\/wp-content\/uploads\/2024\/06\/services-1-img.jpg 960w, https:\/\/tallerchamberi.com\/wp-content\/uploads\/2024\/06\/services-1-img-300x145.jpg 300w, https:\/\/tallerchamberi.com\/wp-content\/uploads\/2024\/06\/services-1-img-768x371.jpg 768w\" sizes=\"(max-width: 800px) 100vw, 800px\" \/>\t\t\t\t\t\t\t\t\t\t\t\t\t\t\t<\/div>\n\t\t\t\t<\/div>\n\t\t\t\t\t<\/div>\n\t\t\t\t<\/div>\n\t\t\t\t<\/div>\n\t\t\t\t<\/div>\n\t\t","protected":false},"excerpt":{"rendered":"<p>Servicios ACEITES Y LUBRICANTES Cambio de aceite de su autom\u00f3vil. Un Cambio De Aceite A Tiempo Puede Salvar Tu Motor. El aceite es un elemento vital en el mantenimiento del coche. Se deben tener muy en cuenta las recomendaciones del fabricante del autom\u00f3vil en cuanto a la calidad y la viscosidad del aceite empleado.Los fabricantes [&hellip;]<\/p>\n","protected":false},"author":1,"featured_media":0,"parent":0,"menu_order":0,"comment_status":"closed","ping_status":"closed","template":"","meta":{"footnotes":""},"class_list":["post-449","page","type-page","status-publish","hentry"],"_links":{"self":[{"href":"https:\/\/tallerchamberi.com\/index.php?rest_route=\/wp\/v2\/pages\/449","targetHints":{"allow":["GET"]}}],"collection":[{"href":"https:\/\/tallerchamberi.com\/index.php?rest_route=\/wp\/v2\/pages"}],"about":[{"href":"https:\/\/tallerchamberi.com\/index.php?rest_route=\/wp\/v2\/types\/page"}],"author":[{"embeddable":true,"href":"https:\/\/tallerchamberi.com\/index.php?rest_route=\/wp\/v2\/users\/1"}],"replies":[{"embeddable":true,"href":"https:\/\/tallerchamberi.com\/index.php?rest_route=%2Fwp%2Fv2%2Fcomments&post=449"}],"version-history":[{"count":7,"href":"https:\/\/tallerchamberi.com\/index.php?rest_route=\/wp\/v2\/pages\/449\/revisions"}],"predecessor-version":[{"id":489,"href":"https:\/\/tallerchamberi.com\/index.php?rest_route=\/wp\/v2\/pages\/449\/revisions\/489"}],"wp:attachment":[{"href":"https:\/\/tallerchamberi.com\/index.php?rest_route=%2Fwp%2Fv2%2Fmedia&parent=449"}],"curies":[{"name":"wp","href":"https:\/\/api.w.org\/{rel}","templated":true}]}}